{"id":2762,"date":"2021-10-12T12:57:27","date_gmt":"2021-10-12T10:57:27","guid":{"rendered":"https:\/\/www.poradniakreska.pl\/wp\/?post_type=product&#038;p=2762"},"modified":"2023-06-11T22:08:29","modified_gmt":"2023-06-11T20:08:29","slug":"szkolenie-jak-nauczyc-dyslektyka-plynnie-czytac","status":"publish","type":"product","link":"https:\/\/www.poradniakreska.pl\/wp\/produkt\/szkolenie-jak-nauczyc-dyslektyka-plynnie-czytac\/","title":{"rendered":"Szkolenie &#8222;Jak nauczy\u0107 dyslektyka p\u0142ynnie czyta\u0107&#8221;"},"content":{"rendered":"","protected":false},"excerpt":{"rendered":"","protected":false},"featured_media":2763,"template":"","meta":{"_et_pb_use_builder":"","_et_pb_old_content":"","_et_gb_content_width":""},"product_brand":[],"product_cat":[25],"product_tag":[],"class_list":{"0":"post-2762","1":"product","2":"type-product","3":"status-publish","4":"has-post-thumbnail","6":"product_cat-webinary","8":"first","9":"instock","10":"downloadable","11":"virtual","12":"taxable","13":"purchasable","14":"product-type-simple"},"_links":{"self":[{"href":"https:\/\/www.poradniakreska.pl\/wp\/wp-json\/wp\/v2\/product\/2762","targetHints":{"allow":["GET"]}}],"collection":[{"href":"https:\/\/www.poradniakreska.pl\/wp\/wp-json\/wp\/v2\/product"}],"about":[{"href":"https:\/\/www.poradniakreska.pl\/wp\/wp-json\/wp\/v2\/types\/product"}],"wp:featuredmedia":[{"embeddable":true,"href":"https:\/\/www.poradniakreska.pl\/wp\/wp-json\/wp\/v2\/media\/2763"}],"wp:attachment":[{"href":"https:\/\/www.poradniakreska.pl\/wp\/wp-json\/wp\/v2\/media?parent=2762"}],"wp:term":[{"taxonomy":"product_brand","embeddable":true,"href":"https:\/\/www.poradniakreska.pl\/wp\/wp-json\/wp\/v2\/product_brand?post=2762"},{"taxonomy":"product_cat","embeddable":true,"href":"https:\/\/www.poradniakreska.pl\/wp\/wp-json\/wp\/v2\/product_cat?post=2762"},{"taxonomy":"product_tag","embeddable":true,"href":"https:\/\/www.poradniakreska.pl\/wp\/wp-json\/wp\/v2\/product_tag?post=2762"}],"curies":[{"name":"wp","href":"https:\/\/api.w.org\/{rel}","templated":true}]}}